{"id":248,"date":"2021-04-28T10:41:22","date_gmt":"2021-04-28T08:41:22","guid":{"rendered":"https:\/\/www.sihvonen.eu\/?page_id=248"},"modified":"2021-05-04T08:59:48","modified_gmt":"2021-05-04T06:59:48","slug":"company","status":"publish","type":"page","link":"https:\/\/www.sihvonen.eu\/en\/","title":{"rendered":"Company"},"content":{"rendered":"\n<p>[Kiinteist\u00f6palvelu Sihvonen Ky on vuonna 1987 perustettu kiinteist\u00f6huoltoyritys.\u00a0Tarjoamme t\u00e4yden palvelun kiinteist\u00f6huoltoa Koillis-Helsingin alueella asuin-, liike- ja teollisuuskiinteist\u00f6ille.\u00a0Palveluihimme kuuluvat normaalin kiinteist\u00f6huollon lis\u00e4ksi erilaiset koneurakoinnit, siivous- ja vaihtolavapalvelut sek\u00e4 muuttolaatikkojen vuokraus.<\/p>\n\n\n\n<p>Meid\u00e4t tavoittaa ma \u2013 pe klo 8.00 \u2013 16.00 numerosta 0400 \u2013 451 951.\u00a0Muina aikoina tavoitat p\u00e4ivyst\u00e4v\u00e4n huoltomiehen kiireellisiss\u00e4 tapauksissa numerosta 0400 \u2013 451 951.]<\/p>\n","protected":false},"excerpt":{"rendered":"<p>[Kiinteist\u00f6palvelu Sihvonen Ky on vuonna 1987 perustettu kiinteist\u00f6huoltoyritys.\u00a0Tarjoamme t\u00e4yden palvelun kiinteist\u00f6huoltoa Koillis-Helsingin alueella asuin-, liike- ja teollisuuskiinteist\u00f6ille.\u00a0Palveluihimme kuuluvat normaalin kiinteist\u00f6huollon lis\u00e4ksi erilaiset koneurakoinnit, siivous- ja vaihtolavapalvelut sek\u00e4 muuttolaatikkojen vuokraus. Meid\u00e4t tavoittaa ma \u2013 pe klo 8.00 \u2013 16.00 numerosta 0400 \u2013 451 951.\u00a0Muina aikoina tavoitat p\u00e4ivyst\u00e4v\u00e4n huoltomiehen kiireellisiss\u00e4 tapauksissa numerosta 0400 \u2013 451 951.]<\/p>\n","protected":false},"author":2,"featured_media":0,"parent":0,"menu_order":0,"comment_status":"closed","ping_status":"closed","template":"page-etusivu.php","meta":{"_acf_changed":false,"footnotes":""},"class_list":["post-248","page","type-page","status-publish","hentry"],"acf":[],"aioseo_notices":[],"_links":{"self":[{"href":"https:\/\/www.sihvonen.eu\/en\/wp-json\/wp\/v2\/pages\/248","targetHints":{"allow":["GET"]}}],"collection":[{"href":"https:\/\/www.sihvonen.eu\/en\/wp-json\/wp\/v2\/pages"}],"about":[{"href":"https:\/\/www.sihvonen.eu\/en\/wp-json\/wp\/v2\/types\/page"}],"author":[{"embeddable":true,"href":"https:\/\/www.sihvonen.eu\/en\/wp-json\/wp\/v2\/users\/2"}],"replies":[{"embeddable":true,"href":"https:\/\/www.sihvonen.eu\/en\/wp-json\/wp\/v2\/comments?post=248"}],"version-history":[{"count":8,"href":"https:\/\/www.sihvonen.eu\/en\/wp-json\/wp\/v2\/pages\/248\/revisions"}],"predecessor-version":[{"id":301,"href":"https:\/\/www.sihvonen.eu\/en\/wp-json\/wp\/v2\/pages\/248\/revisions\/301"}],"wp:attachment":[{"href":"https:\/\/www.sihvonen.eu\/en\/wp-json\/wp\/v2\/media?parent=248"}],"curies":[{"name":"wp","href":"https:\/\/api.w.org\/{rel}","templated":true}]}}