{"id":270,"date":"2021-04-28T11:31:14","date_gmt":"2021-04-28T09:31:14","guid":{"rendered":"https:\/\/www.sihvonen.eu\/?page_id=270"},"modified":"2021-04-28T13:32:25","modified_gmt":"2021-04-28T11:32:25","slug":"register-of-occupants","status":"publish","type":"page","link":"https:\/\/www.sihvonen.eu\/en\/register-of-occupants\/","title":{"rendered":"Register of occupants"},"content":{"rendered":"\n<div class=\"frm_forms \" id=\"frm_form_19_container\" >\n<form enctype=\"multipart\/form-data\" method=\"post\" class=\"frm-show-form \" id=\"form_llaan222208b2d5c4c1\" >\n<div class=\"frm_form_fields \">\n<fieldset>\n<legend class=\"frm_hidden\">Register of occupants<\/legend>\r\n\r\n<div class=\"frm_description\"><p>Estimated delivery in 3 days.<\/p>\n<\/div><div class=\"frm_fields_container\">\n<input type=\"hidden\" name=\"frm_action\" value=\"create\" \/>\n<input type=\"hidden\" name=\"form_id\" value=\"19\" \/>\n<input type=\"hidden\" name=\"frm_hide_fields_19\" id=\"frm_hide_fields_19\" value=\"\" \/>\n<input type=\"hidden\" name=\"form_key\" value=\"llaan222208b2d5c4c1\" \/>\n<input type=\"hidden\" name=\"item_meta[0]\" value=\"\" \/>\n<input type=\"hidden\" id=\"frm_submit_entry_19\" name=\"frm_submit_entry_19\" value=\"138b8e97f6\" \/><input type=\"hidden\" name=\"_wp_http_referer\" value=\"\/en\/wp-json\/wp\/v2\/pages\/270\" \/><div id=\"frm_field_207_container\" class=\"frm_form_field form-field  frm_required_field frm_top_container\">\r\n    <label for=\"field_pg9qd649248802b\" class=\"frm_primary_label\">Name\r\n        <span class=\"frm_required\">*<\/span>\r\n    <\/label>\r\n    <input type=\"text\" id=\"field_pg9qd649248802b\" name=\"item_meta[207]\" value=\"\"  data-reqmsg=\"Name cannot be blank.\" aria-required=\"true\" data-invmsg=\"Tilaajan nimi is invalid\" aria-invalid=\"false\"  \/>\r\n    \r\n    \r\n<\/div>\n<div id=\"frm_field_208_container\" class=\"frm_form_field form-field  frm_top_container\">\r\n    <label for=\"field_vhdthd4b54cec7f\" class=\"frm_primary_label\">Date of birth\r\n        <span class=\"frm_required\"><\/span>\r\n    <\/label>\r\n    <input type=\"text\" id=\"field_vhdthd4b54cec7f\" name=\"item_meta[208]\" value=\"\"  data-invmsg=\"Tilaajan syntym\u00e4aika is invalid\" aria-invalid=\"false\"  \/>\r\n    \r\n    \r\n<\/div>\n<div id=\"frm_field_209_container\" class=\"frm_form_field form-field  frm_top_container\">\r\n    <label for=\"field_9k1zw171ab81112\" class=\"frm_primary_label\">Street address\r\n        <span class=\"frm_required\"><\/span>\r\n    <\/label>\r\n    <input type=\"text\" id=\"field_9k1zw171ab81112\" name=\"item_meta[209]\" value=\"\"  data-invmsg=\"Tilaajan l\u00e4hiosoite is invalid\" aria-invalid=\"false\"  \/>\r\n    \r\n    \r\n<\/div>\n<div id=\"frm_field_210_container\" class=\"frm_form_field form-field  frm_top_container\">\r\n    <label for=\"field_upry\" class=\"frm_primary_label\">City\r\n        <span class=\"frm_required\"><\/span>\r\n    <\/label>\r\n    <input type=\"text\" id=\"field_upry\" name=\"item_meta[210]\" value=\"\"  data-invmsg=\"Tilaajan postiosoite is invalid\" aria-invalid=\"false\"  \/>\r\n    \r\n    \r\n<\/div>\n<div id=\"frm_field_211_container\" class=\"frm_form_field form-field  frm_required_field frm_top_container\">\r\n    <label for=\"field_brb3y02d217f561\" class=\"frm_primary_label\">Phone number\r\n        <span class=\"frm_required\">*<\/span>\r\n    <\/label>\r\n    <input type=\"text\" id=\"field_brb3y02d217f561\" name=\"item_meta[211]\" value=\"\"  data-reqmsg=\"Phone number cannot be blank.\" aria-required=\"true\" data-invmsg=\"Tilaajan puhelinnumero is invalid\" aria-invalid=\"false\"  \/>\r\n    \r\n    \r\n<\/div>\n<div id=\"frm_field_212_container\" class=\"frm_form_field form-field  frm_top_container\">\r\n    <label for=\"field_fzebuedaa3d0d2b\" class=\"frm_primary_label\">Address of the apartment\r\n        <span class=\"frm_required\"><\/span>\r\n    <\/label>\r\n    <input type=\"text\" id=\"field_fzebuedaa3d0d2b\" name=\"item_meta[212]\" value=\"\"  data-invmsg=\"Huoneiston osoite is invalid\" aria-invalid=\"false\"  \/>\r\n    \r\n    \r\n<\/div>\n<div id=\"frm_field_213_container\" class=\"frm_form_field form-field  frm_top_container\">\r\n    <label for=\"field_iwkioe544d8815a\" class=\"frm_primary_label\">Number of residents in the apartment\r\n        <span class=\"frm_required\"><\/span>\r\n    <\/label>\r\n    <input type=\"text\" id=\"field_iwkioe544d8815a\" name=\"item_meta[213]\" value=\"\"  data-invmsg=\"Huoneistossa asuvien lukum\u00e4\u00e4r\u00e4 is invalid\" aria-invalid=\"false\"  \/>\r\n    \r\n    \r\n<\/div>\n\t<input type=\"hidden\" name=\"item_key\" value=\"\" \/>\n\t\t\t<div id=\"frm_field_238_container\">\n\t\t\t<label for=\"field_kqifk\" >\n\t\t\t\tIf you are human, leave this field blank.\t\t\t<\/label>\n\t\t\t<input  id=\"field_kqifk\" type=\"text\" class=\"frm_form_field form-field frm_verify\" name=\"item_meta[238]\" value=\"\"  \/>\n\t\t<\/div>\n\t\t<input name=\"frm_state\" type=\"hidden\" value=\"Ls9vM2YVH3q+K13dfjcCjN2bCXJ0S7xQ0t+mKQ97Fb4=\" \/><div class=\"frm_submit\">\r\n\r\n<input type=\"submit\" value=\"L\u00e4het\u00e4\"  \/>\r\n<img decoding=\"async\" class=\"frm_ajax_loading\" src=\"https:\/\/www.sihvonen.eu\/wp-content\/plugins\/formidable\/images\/ajax_loader.gif\" alt=\"Sending\"\/>\r\n\r\n<\/div><\/div>\n<\/fieldset>\n<\/div>\n\n<\/form>\n<\/div>\n\n","protected":false},"excerpt":{"rendered":"","protected":false},"author":2,"featured_media":0,"parent":0,"menu_order":0,"comment_status":"closed","ping_status":"closed","template":"page-lomake.php","meta":{"_acf_changed":false,"footnotes":""},"class_list":["post-270","page","type-page","status-publish","hentry"],"acf":[],"aioseo_notices":[],"_links":{"self":[{"href":"https:\/\/www.sihvonen.eu\/en\/wp-json\/wp\/v2\/pages\/270","targetHints":{"allow":["GET"]}}],"collection":[{"href":"https:\/\/www.sihvonen.eu\/en\/wp-json\/wp\/v2\/pages"}],"about":[{"href":"https:\/\/www.sihvonen.eu\/en\/wp-json\/wp\/v2\/types\/page"}],"author":[{"embeddable":true,"href":"https:\/\/www.sihvonen.eu\/en\/wp-json\/wp\/v2\/users\/2"}],"replies":[{"embeddable":true,"href":"https:\/\/www.sihvonen.eu\/en\/wp-json\/wp\/v2\/comments?post=270"}],"version-history":[{"count":4,"href":"https:\/\/www.sihvonen.eu\/en\/wp-json\/wp\/v2\/pages\/270\/revisions"}],"predecessor-version":[{"id":292,"href":"https:\/\/www.sihvonen.eu\/en\/wp-json\/wp\/v2\/pages\/270\/revisions\/292"}],"wp:attachment":[{"href":"https:\/\/www.sihvonen.eu\/en\/wp-json\/wp\/v2\/media?parent=270"}],"curies":[{"name":"wp","href":"https:\/\/api.w.org\/{rel}","templated":true}]}}